{"id":274,"date":"2017-05-04T08:05:01","date_gmt":"2017-05-04T07:05:01","guid":{"rendered":"http:\/\/decobruc.com\/shop\/"},"modified":"2017-05-08T09:04:24","modified_gmt":"2017-05-08T08:04:24","slug":"tienda","status":"publish","type":"page","link":"https:\/\/decobruc.com\/es\/tienda\/","title":{"rendered":"Tienda"},"content":{"rendered":"<p>[vrview img=\u00bbhttp:\/\/decobruc.com\/wp-content\/uploads\/2017\/01\/MG_5704.jpg\u00bb width=\u00bb100%\u00bb height=\u00bb100%\u00bb ]<\/p>\n","protected":false},"excerpt":{"rendered":"<p>[vrview img=\u00bbhttp:\/\/decobruc.com\/wp-content\/uploads\/2017\/01\/MG_5704.jpg\u00bb width=\u00bb100%\u00bb height=\u00bb100%\u00bb ]<\/p>\n","protected":false},"author":1,"featured_media":0,"parent":0,"menu_order":0,"comment_status":"closed","ping_status":"closed","template":"","meta":{"footnotes":""},"class_list":["post-274","page","type-page","status-publish","hentry"],"yoast_head":"<!-- This site is optimized with the Yoast SEO plugin v27.0 - https:\/\/yoast.com\/product\/yoast-seo-wordpress\/ -->\n<title>Decobruc - Tienda de muebles y decoraci\u00f3n de dissenyo natural<\/title>\n<meta name=\"description\" content=\"La tienda Decobruc, est\u00e1 integrada en un edificio del siglo XIX i tiene m\u00e1s de 150m\u00b2 d\u2019exposici\u00f3n donde podr\u00e1s encontrar mobiliario artesanal. T&#039;esperamos\" \/>\n<meta name=\"robots\" content=\"index, follow, max-snippet:-1, max-image-preview:large, max-video-preview:-1\" \/>\n<link rel=\"canonical\" href=\"https:\/\/decobruc.com\/es\/tienda\/\" \/>\n<meta property=\"og:locale\" content=\"es_ES\" \/>\n<meta property=\"og:type\" content=\"article\" \/>\n<meta property=\"og:title\" content=\"Decobruc - Tienda de muebles y decoraci\u00f3n de dissenyo natural\" \/>\n<meta property=\"og:description\" content=\"La tienda Decobruc, est\u00e1 integrada en un edificio del siglo XIX i tiene m\u00e1s de 150m\u00b2 d\u2019exposici\u00f3n donde podr\u00e1s encontrar mobiliario artesanal. T&#039;esperamos\" \/>\n<meta property=\"og:url\" content=\"https:\/\/decobruc.com\/es\/tienda\/\" \/>\n<meta property=\"og:site_name\" content=\"Decobruc\" \/>\n<meta property=\"article:publisher\" content=\"https:\/\/www.facebook.com\/decobruc.bruc\/\" \/>\n<meta property=\"article:modified_time\" content=\"2017-05-08T08:04:24+00:00\" \/>\n<meta name=\"twitter:card\" content=\"summary_large_image\" \/>\n<script type=\"application\/ld+json\" class=\"yoast-schema-graph\">{\"@context\":\"https:\/\/schema.org\",\"@graph\":[{\"@type\":\"WebPage\",\"@id\":\"https:\/\/decobruc.com\/es\/tienda\/\",\"url\":\"https:\/\/decobruc.com\/es\/tienda\/\",\"name\":\"Decobruc - Tienda de muebles y decoraci\u00f3n de dissenyo natural\",\"isPartOf\":{\"@id\":\"https:\/\/decobruc.com\/#website\"},\"datePublished\":\"2017-05-04T07:05:01+00:00\",\"dateModified\":\"2017-05-08T08:04:24+00:00\",\"description\":\"La tienda Decobruc, est\u00e1 integrada en un edificio del siglo XIX i tiene m\u00e1s de 150m\u00b2 d\u2019exposici\u00f3n donde podr\u00e1s encontrar mobiliario artesanal. T'esperamos\",\"breadcrumb\":{\"@id\":\"https:\/\/decobruc.com\/es\/tienda\/#breadcrumb\"},\"inLanguage\":\"es\",\"potentialAction\":[{\"@type\":\"ReadAction\",\"target\":[\"https:\/\/decobruc.com\/es\/tienda\/\"]}]},{\"@type\":\"BreadcrumbList\",\"@id\":\"https:\/\/decobruc.com\/es\/tienda\/#breadcrumb\",\"itemListElement\":[{\"@type\":\"ListItem\",\"position\":1,\"name\":\"Portada\",\"item\":\"https:\/\/decobruc.com\/es\/\"},{\"@type\":\"ListItem\",\"position\":2,\"name\":\"Tienda\"}]},{\"@type\":\"WebSite\",\"@id\":\"https:\/\/decobruc.com\/#website\",\"url\":\"https:\/\/decobruc.com\/\",\"name\":\"Decobruc\",\"description\":\"Botiga disseny natural\",\"potentialAction\":[{\"@type\":\"SearchAction\",\"target\":{\"@type\":\"EntryPoint\",\"urlTemplate\":\"https:\/\/decobruc.com\/?s={search_term_string}\"},\"query-input\":{\"@type\":\"PropertyValueSpecification\",\"valueRequired\":true,\"valueName\":\"search_term_string\"}}],\"inLanguage\":\"es\"}]}<\/script>\n<!-- \/ Yoast SEO plugin. -->","yoast_head_json":{"title":"Decobruc - Tienda de muebles y decoraci\u00f3n de dissenyo natural","description":"La tienda Decobruc, est\u00e1 integrada en un edificio del siglo XIX i tiene m\u00e1s de 150m\u00b2 d\u2019exposici\u00f3n donde podr\u00e1s encontrar mobiliario artesanal. T'esperamos","robots":{"index":"index","follow":"follow","max-snippet":"max-snippet:-1","max-image-preview":"max-image-preview:large","max-video-preview":"max-video-preview:-1"},"canonical":"https:\/\/decobruc.com\/es\/tienda\/","og_locale":"es_ES","og_type":"article","og_title":"Decobruc - Tienda de muebles y decoraci\u00f3n de dissenyo natural","og_description":"La tienda Decobruc, est\u00e1 integrada en un edificio del siglo XIX i tiene m\u00e1s de 150m\u00b2 d\u2019exposici\u00f3n donde podr\u00e1s encontrar mobiliario artesanal. T'esperamos","og_url":"https:\/\/decobruc.com\/es\/tienda\/","og_site_name":"Decobruc","article_publisher":"https:\/\/www.facebook.com\/decobruc.bruc\/","article_modified_time":"2017-05-08T08:04:24+00:00","twitter_card":"summary_large_image","schema":{"@context":"https:\/\/schema.org","@graph":[{"@type":"WebPage","@id":"https:\/\/decobruc.com\/es\/tienda\/","url":"https:\/\/decobruc.com\/es\/tienda\/","name":"Decobruc - Tienda de muebles y decoraci\u00f3n de dissenyo natural","isPartOf":{"@id":"https:\/\/decobruc.com\/#website"},"datePublished":"2017-05-04T07:05:01+00:00","dateModified":"2017-05-08T08:04:24+00:00","description":"La tienda Decobruc, est\u00e1 integrada en un edificio del siglo XIX i tiene m\u00e1s de 150m\u00b2 d\u2019exposici\u00f3n donde podr\u00e1s encontrar mobiliario artesanal. T'esperamos","breadcrumb":{"@id":"https:\/\/decobruc.com\/es\/tienda\/#breadcrumb"},"inLanguage":"es","potentialAction":[{"@type":"ReadAction","target":["https:\/\/decobruc.com\/es\/tienda\/"]}]},{"@type":"BreadcrumbList","@id":"https:\/\/decobruc.com\/es\/tienda\/#breadcrumb","itemListElement":[{"@type":"ListItem","position":1,"name":"Portada","item":"https:\/\/decobruc.com\/es\/"},{"@type":"ListItem","position":2,"name":"Tienda"}]},{"@type":"WebSite","@id":"https:\/\/decobruc.com\/#website","url":"https:\/\/decobruc.com\/","name":"Decobruc","description":"Botiga disseny natural","potentialAction":[{"@type":"SearchAction","target":{"@type":"EntryPoint","urlTemplate":"https:\/\/decobruc.com\/?s={search_term_string}"},"query-input":{"@type":"PropertyValueSpecification","valueRequired":true,"valueName":"search_term_string"}}],"inLanguage":"es"}]}},"_links":{"self":[{"href":"https:\/\/decobruc.com\/es\/wp-json\/wp\/v2\/pages\/274","targetHints":{"allow":["GET"]}}],"collection":[{"href":"https:\/\/decobruc.com\/es\/wp-json\/wp\/v2\/pages"}],"about":[{"href":"https:\/\/decobruc.com\/es\/wp-json\/wp\/v2\/types\/page"}],"author":[{"embeddable":true,"href":"https:\/\/decobruc.com\/es\/wp-json\/wp\/v2\/users\/1"}],"replies":[{"embeddable":true,"href":"https:\/\/decobruc.com\/es\/wp-json\/wp\/v2\/comments?post=274"}],"version-history":[{"count":2,"href":"https:\/\/decobruc.com\/es\/wp-json\/wp\/v2\/pages\/274\/revisions"}],"predecessor-version":[{"id":280,"href":"https:\/\/decobruc.com\/es\/wp-json\/wp\/v2\/pages\/274\/revisions\/280"}],"wp:attachment":[{"href":"https:\/\/decobruc.com\/es\/wp-json\/wp\/v2\/media?parent=274"}],"curies":[{"name":"wp","href":"https:\/\/api.w.org\/{rel}","templated":true}]}}