{"id":282,"date":"2017-05-04T09:11:54","date_gmt":"2017-05-04T08:11:54","guid":{"rendered":"http:\/\/decobruc.com\/nosaltres\/"},"modified":"2018-03-28T09:15:00","modified_gmt":"2018-03-28T08:15:00","slug":"nosotros","status":"publish","type":"page","link":"https:\/\/decobruc.com\/es\/nosotros\/","title":{"rendered":"Nosotros"},"content":{"rendered":"","protected":false},"excerpt":{"rendered":"","protected":false},"author":1,"featured_media":0,"parent":0,"menu_order":0,"comment_status":"closed","ping_status":"closed","template":"","meta":{"footnotes":""},"class_list":["post-282","page","type-page","status-publish","hentry"],"yoast_head":"<!-- This site is optimized with the Yoast SEO plugin v27.0 - https:\/\/yoast.com\/product\/yoast-seo-wordpress\/ -->\n<title>\u00bfQuien son Decobruc? - Somos l\u2019Alhoa i Santi i creamos Decobruc en el 2013<\/title>\n<meta name=\"description\" content=\"Actualmente nos dedicamos de lleno a la tienda. Los dos creamos en els disse\u00f1o y Santi los produce y decora, as\u00ed naci\u00f3 el concepto de dise\u00f1o natural.\" \/>\n<meta name=\"robots\" content=\"index, follow, max-snippet:-1, max-image-preview:large, max-video-preview:-1\" \/>\n<link rel=\"canonical\" href=\"https:\/\/decobruc.com\/es\/nosotros\/\" \/>\n<meta property=\"og:locale\" content=\"es_ES\" \/>\n<meta property=\"og:type\" content=\"article\" \/>\n<meta property=\"og:title\" content=\"\u00bfQuien son Decobruc? - Somos l\u2019Alhoa i Santi i creamos Decobruc en el 2013\" \/>\n<meta property=\"og:description\" content=\"Actualmente nos dedicamos de lleno a la tienda. Los dos creamos en els disse\u00f1o y Santi los produce y decora, as\u00ed naci\u00f3 el concepto de dise\u00f1o natural.\" \/>\n<meta property=\"og:url\" content=\"https:\/\/decobruc.com\/es\/nosotros\/\" \/>\n<meta property=\"og:site_name\" content=\"Decobruc\" \/>\n<meta property=\"article:publisher\" content=\"https:\/\/www.facebook.com\/decobruc.bruc\/\" \/>\n<meta property=\"article:modified_time\" content=\"2018-03-28T08:15:00+00:00\" \/>\n<meta name=\"twitter:card\" content=\"summary_large_image\" \/>\n<script type=\"application\/ld+json\" class=\"yoast-schema-graph\">{\"@context\":\"https:\/\/schema.org\",\"@graph\":[{\"@type\":\"WebPage\",\"@id\":\"https:\/\/decobruc.com\/es\/nosotros\/\",\"url\":\"https:\/\/decobruc.com\/es\/nosotros\/\",\"name\":\"\u00bfQuien son Decobruc? - Somos l\u2019Alhoa i Santi i creamos Decobruc en el 2013\",\"isPartOf\":{\"@id\":\"https:\/\/decobruc.com\/#website\"},\"datePublished\":\"2017-05-04T08:11:54+00:00\",\"dateModified\":\"2018-03-28T08:15:00+00:00\",\"description\":\"Actualmente nos dedicamos de lleno a la tienda. Los dos creamos en els disse\u00f1o y Santi los produce y decora, as\u00ed naci\u00f3 el concepto de dise\u00f1o natural.\",\"breadcrumb\":{\"@id\":\"https:\/\/decobruc.com\/es\/nosotros\/#breadcrumb\"},\"inLanguage\":\"es\",\"potentialAction\":[{\"@type\":\"ReadAction\",\"target\":[\"https:\/\/decobruc.com\/es\/nosotros\/\"]}]},{\"@type\":\"BreadcrumbList\",\"@id\":\"https:\/\/decobruc.com\/es\/nosotros\/#breadcrumb\",\"itemListElement\":[{\"@type\":\"ListItem\",\"position\":1,\"name\":\"Portada\",\"item\":\"https:\/\/decobruc.com\/es\/\"},{\"@type\":\"ListItem\",\"position\":2,\"name\":\"Nosotros\"}]},{\"@type\":\"WebSite\",\"@id\":\"https:\/\/decobruc.com\/#website\",\"url\":\"https:\/\/decobruc.com\/\",\"name\":\"Decobruc\",\"description\":\"Botiga disseny natural\",\"potentialAction\":[{\"@type\":\"SearchAction\",\"target\":{\"@type\":\"EntryPoint\",\"urlTemplate\":\"https:\/\/decobruc.com\/?s={search_term_string}\"},\"query-input\":{\"@type\":\"PropertyValueSpecification\",\"valueRequired\":true,\"valueName\":\"search_term_string\"}}],\"inLanguage\":\"es\"}]}<\/script>\n<!-- \/ Yoast SEO plugin. -->","yoast_head_json":{"title":"\u00bfQuien son Decobruc? - Somos l\u2019Alhoa i Santi i creamos Decobruc en el 2013","description":"Actualmente nos dedicamos de lleno a la tienda. Los dos creamos en els disse\u00f1o y Santi los produce y decora, as\u00ed naci\u00f3 el concepto de dise\u00f1o natural.","robots":{"index":"index","follow":"follow","max-snippet":"max-snippet:-1","max-image-preview":"max-image-preview:large","max-video-preview":"max-video-preview:-1"},"canonical":"https:\/\/decobruc.com\/es\/nosotros\/","og_locale":"es_ES","og_type":"article","og_title":"\u00bfQuien son Decobruc? - Somos l\u2019Alhoa i Santi i creamos Decobruc en el 2013","og_description":"Actualmente nos dedicamos de lleno a la tienda. Los dos creamos en els disse\u00f1o y Santi los produce y decora, as\u00ed naci\u00f3 el concepto de dise\u00f1o natural.","og_url":"https:\/\/decobruc.com\/es\/nosotros\/","og_site_name":"Decobruc","article_publisher":"https:\/\/www.facebook.com\/decobruc.bruc\/","article_modified_time":"2018-03-28T08:15:00+00:00","twitter_card":"summary_large_image","schema":{"@context":"https:\/\/schema.org","@graph":[{"@type":"WebPage","@id":"https:\/\/decobruc.com\/es\/nosotros\/","url":"https:\/\/decobruc.com\/es\/nosotros\/","name":"\u00bfQuien son Decobruc? - Somos l\u2019Alhoa i Santi i creamos Decobruc en el 2013","isPartOf":{"@id":"https:\/\/decobruc.com\/#website"},"datePublished":"2017-05-04T08:11:54+00:00","dateModified":"2018-03-28T08:15:00+00:00","description":"Actualmente nos dedicamos de lleno a la tienda. Los dos creamos en els disse\u00f1o y Santi los produce y decora, as\u00ed naci\u00f3 el concepto de dise\u00f1o natural.","breadcrumb":{"@id":"https:\/\/decobruc.com\/es\/nosotros\/#breadcrumb"},"inLanguage":"es","potentialAction":[{"@type":"ReadAction","target":["https:\/\/decobruc.com\/es\/nosotros\/"]}]},{"@type":"BreadcrumbList","@id":"https:\/\/decobruc.com\/es\/nosotros\/#breadcrumb","itemListElement":[{"@type":"ListItem","position":1,"name":"Portada","item":"https:\/\/decobruc.com\/es\/"},{"@type":"ListItem","position":2,"name":"Nosotros"}]},{"@type":"WebSite","@id":"https:\/\/decobruc.com\/#website","url":"https:\/\/decobruc.com\/","name":"Decobruc","description":"Botiga disseny natural","potentialAction":[{"@type":"SearchAction","target":{"@type":"EntryPoint","urlTemplate":"https:\/\/decobruc.com\/?s={search_term_string}"},"query-input":{"@type":"PropertyValueSpecification","valueRequired":true,"valueName":"search_term_string"}}],"inLanguage":"es"}]}},"_links":{"self":[{"href":"https:\/\/decobruc.com\/es\/wp-json\/wp\/v2\/pages\/282","targetHints":{"allow":["GET"]}}],"collection":[{"href":"https:\/\/decobruc.com\/es\/wp-json\/wp\/v2\/pages"}],"about":[{"href":"https:\/\/decobruc.com\/es\/wp-json\/wp\/v2\/types\/page"}],"author":[{"embeddable":true,"href":"https:\/\/decobruc.com\/es\/wp-json\/wp\/v2\/users\/1"}],"replies":[{"embeddable":true,"href":"https:\/\/decobruc.com\/es\/wp-json\/wp\/v2\/comments?post=282"}],"version-history":[{"count":1,"href":"https:\/\/decobruc.com\/es\/wp-json\/wp\/v2\/pages\/282\/revisions"}],"predecessor-version":[{"id":374,"href":"https:\/\/decobruc.com\/es\/wp-json\/wp\/v2\/pages\/282\/revisions\/374"}],"wp:attachment":[{"href":"https:\/\/decobruc.com\/es\/wp-json\/wp\/v2\/media?parent=282"}],"curies":[{"name":"wp","href":"https:\/\/api.w.org\/{rel}","templated":true}]}}